{"id":14087,"date":"2022-04-20T13:31:10","date_gmt":"2022-04-20T13:31:10","guid":{"rendered":"https:\/\/obsthof-moser.com\/privacy\/"},"modified":"2026-03-27T15:20:19","modified_gmt":"2026-03-27T15:20:19","slug":"privacy","status":"publish","type":"page","link":"https:\/\/obsthof-moser.com\/it\/privacy\/","title":{"rendered":"Privacy"},"content":{"rendered":"\t\t<div data-elementor-type=\"wp-page\" data-elementor-id=\"14087\" class=\"elementor elementor-14087 elementor-14082\">\n\t\t\t\t\t\t<section class=\"elementor-section elementor-top-section elementor-element elementor-element-24072d4 elementor-section-boxed elementor-section-height-default elementor-section-height-default\" data-id=\"24072d4\" data-element_type=\"section\">\n\t\t\t\t\t\t<div class=\"elementor-container elementor-column-gap-default\">\n\t\t\t\t\t<div class=\"elementor-column elementor-col-100 elementor-top-column elementor-element elementor-element-62d133b\" data-id=\"62d133b\" data-element_type=\"column\">\n\t\t\t<div class=\"elementor-widget-wrap elementor-element-populated\">\n\t\t\t\t\t\t<div class=\"elementor-element elementor-element-39dd86d elementor-widget elementor-widget-heading\" data-id=\"39dd86d\" data-element_type=\"widget\" data-widget_type=\"heading.default\">\n\t\t\t\t<div class=\"elementor-widget-container\">\n\t\t\t\t\t<h1 class=\"elementor-heading-title elementor-size-default\">Privacy<\/h1>\t\t\t\t<\/div>\n\t\t\t\t<\/div>\n\t\t\t\t<div class=\"elementor-element elementor-element-5b98def elementor-widget elementor-widget-text-editor\" data-id=\"5b98def\" data-element_type=\"widget\" data-widget_type=\"text-editor.default\">\n\t\t\t\t<div class=\"elementor-widget-container\">\n\t\t\t\t\t\t\t\t\t<p><strong>Regolamento Generale sulla Protezione dei Dati (RGPD)<\/strong><\/p><p>Il presente regolamento \u00e8 valido per tutti i nostri ospiti. Con la presente Le diamo conto della natura, della portata e dello scopo della raccolta e dell&#8217;uso dei Suoi dati personali. Responsabile del trattamento dei dati \u00e8: Obsthof Moser \u2013 Florian Unterkircher, contattabile ai seguenti recapiti: Tel. +<em>39 328 9057463<\/em> + E-Mail <a href=\"mailto:info@obsthof-moser.com\">info@obsthof-moser.com<\/a><\/p><p>Ai sensi dell&#8217;articolo 13 del Regolamento Generale sulla Protezione dei Dati, tratteremo le seguenti informazioni:<\/p><ul><li>Dati anagrafici (nome, cognome, indirizzo, telefono, e-mail, data di nascita, luogo di nascita, lingua ecc.)<\/li><li>Dati presenti nei documenti di viaggio e d\u2019identit\u00e0<\/li><li>Dati relativi a pagamenti, carte di debito, carte di credito e carte bancarie<\/li><li>La durata del soggiorno e le preferenze personali associate al soggiorno richiesto<\/li><\/ul><p>I dati saranno archiviati, elaborati e, ove richiesto dalla legge, trasmessi a terzi (quali autorit\u00e0 pubbliche, associazioni turistiche) nell\u2019ottica della fornitura dei nostri servizi. I Suoi dati non saranno trasmessi a paesi terzi. In caso di Suo rifiuto a conferirci i Suoi dati anagrafici, dei documenti di viaggio e relativi alle coordinate bancarie non saremo in grado di adempiere agli obblighi contrattuali e di accoglierLa presso la nostra struttura. I Suoi dati non verranno impiegati in processi decisionali automatizzati, compresa la profilazione.<\/p><p>Le basi legali per questi processi di elaborazione dei dati sono:<\/p><ul><li>l&#8217;adempimento dei nostri obblighi precontrattuali e contrattuali nei Suoi confronti<\/li><li>il consenso da Lei ottenuto<\/li><li>gli obblighi legali, contrattuali o altri obblighi legali a cui siamo tenuti (come ad esempio gli obblighi in materia di contabilit\u00e0, diritto fiscale e doganale, derivanti da contratti, informativa o contenziosi)<\/li><li>i nostri interessi legittimi (come ad esempio migliorare il nostro servizio ai clienti, l\u2019attivit\u00e0 di pubblicit\u00e0 diretta o l&#8217;esercizio dei nostri interessi legali).<\/li><\/ul><p>La durata della conservazione dipende dalla durata del rapporto commerciale, dal consenso da parte Sua, dagli obblighi legali di conservazione e dagli obblighi legali a cui siamo sottoposti<\/p><p>Pu\u00f2 richiedere informazioni sui Suoi dati personali da noi custoditi gratuitamente in qualsiasi momento. Come interessato ha anche il diritto di revoca, consultazione, modificazione, cancellazione e distruzione dei dati, nella misura in cui non ci sia alcun obbligo legale di conservazione da parte nostra. Esercitando il Suo diritto di revoca, tutti i Suoi dati saranno irrimediabilmente cancellati, a meno che non vengano violate disposizioni normative di rango superiore.<\/p><p><strong>Guest Pass<\/strong><\/p><p>I dati personali forniti saranno trasmessi al Centro Unico di Coordinamento Carte Ospiti al fine di consentire la creazione e l&#8217;utilizzo del Guest Pass e l&#8217;erogazione dei relativi servizi.<br \/>In relazione al rilascio del Guest Pass, i suoi dati saranno trasmessi al Consorzio Mobilit\u00e0, con partita IVA 02735170215 che, in qualit\u00e0 di titolare della carta ospite e centro unico di coordinamento, agisce come autonomo titolare del trattamento dei dati trasmessi. Per maggiori informazioni sul trattamento a cui sono sottoposti i dati, \u00e8 possibile inviare una e-mail a privacy@moko.bz.it.<br \/>La base giuridica del trattamento \u00e8 l&#8217;art. 6 (1) (b) del GDPR.<\/p><p>Per eventuali reclami, il Garante per la protezione dei dati personali \u00e8: Garante per la protezione dei dati personali, Piazza di Monte Citorio, 115\/121, 00186 Roma\u00a0 Fax: (+39) 06.69677.3785, Telefon: (+39) 06.696771, E-mail: garante@gpdp.it. Per ulteriori informazioni sui Suoi diritti La preghiamo di contattarci a <u><a href=\"mailto:info@obsthof-moser.com\">info@obsthof-moser.com<\/a><\/u> , saremo felici di aiutarle.<\/p><div class=\"elementor-element elementor-element-5ac3ad1 elementor-widget elementor-widget-text-editor\" data-id=\"5ac3ad1\" data-element_type=\"widget\" data-widget_type=\"text-editor.default\"><div class=\"elementor-widget-container\"><p class=\"v1MsoNormal\"><strong>Informazioni Alto Adige Guest Pass<\/strong><\/p><p class=\"v1MsoNormal\">Al perfezionamento del contratto di soggiorno, l\u2019ospite ricever\u00e0 il S\u00fcdtirol Alto Adige Guest Pass (di seguito Guest Pass), valido per tutta la durata del soggiorno e dalle ore 0:00 del giorno di arrivo alle ore 24:00 del giorno di partenza, ai sensi della Delibera della Giunta Provinciale dell\u2019Alto Adige n. 732\/2022.<\/p><p class=\"v1MsoNormal\">La carta ospiti comprende l\u2019utilizzo di tutti i mezzi di trasporto pubblico all\u2019interno dell\u2019area della rete denominata \u201cs\u00fcdtirolmobil\u201d e ulteriori servizi aggiuntivi, che variano a seconda dell\u2019organizzazione turistica. Informazioni dettagliate sono disponibili sul sito: suedtirol-guestpass.info<\/p><p class=\"v1MsoNormal\">L\u2019unico fornitore in Alto Adige del Guest Pass \u00e8 il Consorzio Mobilit\u00e0, nominato come ente unico di coordinamento in conformit\u00e0 con la delibera della Giunta Provinciale sopra citata. I dettagli dei servizi aggiuntivi associati al Guest Pass e le condizioni di utilizzo dello stesso sono comunicati dal soggetto terzo responsabile dell\u2019emissione e della gestione del Guest Pass. Informazioni dettagliate sono disponibili all\u2019indirizzo: suedtirol-guestpass.info<\/p><\/div><\/div>\t\t\t\t\t\t\t\t<\/div>\n\t\t\t\t<\/div>\n\t\t\t\t\t<\/div>\n\t\t<\/div>\n\t\t\t\t\t<\/div>\n\t\t<\/section>\n\t\t\t\t<\/div>\n\t\t","protected":false},"excerpt":{"rendered":"<p>Privacy Regolamento Generale sulla Protezione dei Dati (RGPD) Il presente regolamento \u00e8 valido per tutti i nostri ospiti. Con la presente Le diamo conto della natura, della portata e dello scopo della raccolta e dell&#8217;uso dei Suoi dati personali. Responsabile del trattamento dei dati \u00e8: Obsthof Moser \u2013 Florian Unterkircher, contattabile ai seguenti recapiti: Tel. &hellip;<\/p>\n<p class=\"read-more\"> <a class=\"\" href=\"https:\/\/obsthof-moser.com\/it\/privacy\/\"> <span class=\"screen-reader-text\">Privacy<\/span> Leggi altro &raquo;<\/a><\/p>\n","protected":false},"author":2,"featured_media":0,"parent":0,"menu_order":0,"comment_status":"closed","ping_status":"closed","template":"","meta":{"site-sidebar-layout":"no-sidebar","site-content-layout":"page-builder","ast-global-header-display":"","ast-main-header-display":"","ast-hfb-above-header-display":"","ast-hfb-below-header-display":"","ast-hfb-mobile-header-display":"","site-post-title":"disabled","ast-breadcrumbs-content":"","ast-featured-img":"disabled","footer-sml-layout":"","theme-transparent-header-meta":"","adv-header-id-meta":"","stick-header-meta":"","header-above-stick-meta":"","header-main-stick-meta":"","header-below-stick-meta":"","footnotes":""},"class_list":["post-14087","page","type-page","status-publish","hentry"],"yoast_head":"<!-- This site is optimized with the Yoast SEO plugin v27.4 - https:\/\/yoast.com\/product\/yoast-seo-wordpress\/ -->\n<title>Privacy - Obsthof moser<\/title>\n<meta name=\"robots\" content=\"index, follow, max-snippet:-1, max-image-preview:large, max-video-preview:-1\" \/>\n<link rel=\"canonical\" href=\"https:\/\/obsthof-moser.com\/it\/privacy\/\" \/>\n<meta property=\"og:locale\" content=\"it_IT\" \/>\n<meta property=\"og:type\" content=\"article\" \/>\n<meta property=\"og:title\" content=\"Privacy - Obsthof moser\" \/>\n<meta property=\"og:description\" content=\"Privacy Regolamento Generale sulla Protezione dei Dati (RGPD) Il presente regolamento \u00e8 valido per tutti i nostri ospiti. Con la presente Le diamo conto della natura, della portata e dello scopo della raccolta e dell&#8217;uso dei Suoi dati personali. Responsabile del trattamento dei dati \u00e8: Obsthof Moser \u2013 Florian Unterkircher, contattabile ai seguenti recapiti: Tel. &hellip; Privacy Leggi altro &raquo;\" \/>\n<meta property=\"og:url\" content=\"https:\/\/obsthof-moser.com\/it\/privacy\/\" \/>\n<meta property=\"og:site_name\" content=\"Obsthof moser\" \/>\n<meta property=\"article:modified_time\" content=\"2026-03-27T15:20:19+00:00\" \/>\n<meta name=\"twitter:card\" content=\"summary_large_image\" \/>\n<meta name=\"twitter:label1\" content=\"Tempo di lettura stimato\" \/>\n\t<meta name=\"twitter:data1\" content=\"5 minuti\" \/>\n<script type=\"application\/ld+json\" class=\"yoast-schema-graph\">{\"@context\":\"https:\\\/\\\/schema.org\",\"@graph\":[{\"@type\":\"WebPage\",\"@id\":\"https:\\\/\\\/obsthof-moser.com\\\/it\\\/privacy\\\/\",\"url\":\"https:\\\/\\\/obsthof-moser.com\\\/it\\\/privacy\\\/\",\"name\":\"Privacy - Obsthof moser\",\"isPartOf\":{\"@id\":\"https:\\\/\\\/obsthof-moser.com\\\/#website\"},\"datePublished\":\"2022-04-20T13:31:10+00:00\",\"dateModified\":\"2026-03-27T15:20:19+00:00\",\"breadcrumb\":{\"@id\":\"https:\\\/\\\/obsthof-moser.com\\\/it\\\/privacy\\\/#breadcrumb\"},\"inLanguage\":\"it-IT\",\"potentialAction\":[{\"@type\":\"ReadAction\",\"target\":[\"https:\\\/\\\/obsthof-moser.com\\\/it\\\/privacy\\\/\"]}]},{\"@type\":\"BreadcrumbList\",\"@id\":\"https:\\\/\\\/obsthof-moser.com\\\/it\\\/privacy\\\/#breadcrumb\",\"itemListElement\":[{\"@type\":\"ListItem\",\"position\":1,\"name\":\"Startseite\",\"item\":\"https:\\\/\\\/obsthof-moser.com\\\/it\\\/\"},{\"@type\":\"ListItem\",\"position\":2,\"name\":\"Privacy\"}]},{\"@type\":\"WebSite\",\"@id\":\"https:\\\/\\\/obsthof-moser.com\\\/#website\",\"url\":\"https:\\\/\\\/obsthof-moser.com\\\/\",\"name\":\"Obsthof moser\",\"description\":\"Explore the globe with travel &amp; tourism\",\"publisher\":{\"@id\":\"https:\\\/\\\/obsthof-moser.com\\\/#organization\"},\"potentialAction\":[{\"@type\":\"SearchAction\",\"target\":{\"@type\":\"EntryPoint\",\"urlTemplate\":\"https:\\\/\\\/obsthof-moser.com\\\/?s={search_term_string}\"},\"query-input\":{\"@type\":\"PropertyValueSpecification\",\"valueRequired\":true,\"valueName\":\"search_term_string\"}}],\"inLanguage\":\"it-IT\"},{\"@type\":\"Organization\",\"@id\":\"https:\\\/\\\/obsthof-moser.com\\\/#organization\",\"name\":\"Obsthof Moser\",\"url\":\"https:\\\/\\\/obsthof-moser.com\\\/\",\"logo\":{\"@type\":\"ImageObject\",\"inLanguage\":\"it-IT\",\"@id\":\"https:\\\/\\\/obsthof-moser.com\\\/#\\\/schema\\\/logo\\\/image\\\/\",\"url\":\"https:\\\/\\\/obsthof-moser.com\\\/wp-content\\\/uploads\\\/2022\\\/01\\\/cropped-logo-1.png\",\"contentUrl\":\"https:\\\/\\\/obsthof-moser.com\\\/wp-content\\\/uploads\\\/2022\\\/01\\\/cropped-logo-1.png\",\"width\":266,\"height\":95,\"caption\":\"Obsthof Moser\"},\"image\":{\"@id\":\"https:\\\/\\\/obsthof-moser.com\\\/#\\\/schema\\\/logo\\\/image\\\/\"}}]}<\/script>\n<!-- \/ Yoast SEO plugin. -->","yoast_head_json":{"title":"Privacy - Obsthof moser","robots":{"index":"index","follow":"follow","max-snippet":"max-snippet:-1","max-image-preview":"max-image-preview:large","max-video-preview":"max-video-preview:-1"},"canonical":"https:\/\/obsthof-moser.com\/it\/privacy\/","og_locale":"it_IT","og_type":"article","og_title":"Privacy - Obsthof moser","og_description":"Privacy Regolamento Generale sulla Protezione dei Dati (RGPD) Il presente regolamento \u00e8 valido per tutti i nostri ospiti. Con la presente Le diamo conto della natura, della portata e dello scopo della raccolta e dell&#8217;uso dei Suoi dati personali. Responsabile del trattamento dei dati \u00e8: Obsthof Moser \u2013 Florian Unterkircher, contattabile ai seguenti recapiti: Tel. &hellip; Privacy Leggi altro &raquo;","og_url":"https:\/\/obsthof-moser.com\/it\/privacy\/","og_site_name":"Obsthof moser","article_modified_time":"2026-03-27T15:20:19+00:00","twitter_card":"summary_large_image","twitter_misc":{"Tempo di lettura stimato":"5 minuti"},"schema":{"@context":"https:\/\/schema.org","@graph":[{"@type":"WebPage","@id":"https:\/\/obsthof-moser.com\/it\/privacy\/","url":"https:\/\/obsthof-moser.com\/it\/privacy\/","name":"Privacy - Obsthof moser","isPartOf":{"@id":"https:\/\/obsthof-moser.com\/#website"},"datePublished":"2022-04-20T13:31:10+00:00","dateModified":"2026-03-27T15:20:19+00:00","breadcrumb":{"@id":"https:\/\/obsthof-moser.com\/it\/privacy\/#breadcrumb"},"inLanguage":"it-IT","potentialAction":[{"@type":"ReadAction","target":["https:\/\/obsthof-moser.com\/it\/privacy\/"]}]},{"@type":"BreadcrumbList","@id":"https:\/\/obsthof-moser.com\/it\/privacy\/#breadcrumb","itemListElement":[{"@type":"ListItem","position":1,"name":"Startseite","item":"https:\/\/obsthof-moser.com\/it\/"},{"@type":"ListItem","position":2,"name":"Privacy"}]},{"@type":"WebSite","@id":"https:\/\/obsthof-moser.com\/#website","url":"https:\/\/obsthof-moser.com\/","name":"Obsthof moser","description":"Explore the globe with travel &amp; tourism","publisher":{"@id":"https:\/\/obsthof-moser.com\/#organization"},"potentialAction":[{"@type":"SearchAction","target":{"@type":"EntryPoint","urlTemplate":"https:\/\/obsthof-moser.com\/?s={search_term_string}"},"query-input":{"@type":"PropertyValueSpecification","valueRequired":true,"valueName":"search_term_string"}}],"inLanguage":"it-IT"},{"@type":"Organization","@id":"https:\/\/obsthof-moser.com\/#organization","name":"Obsthof Moser","url":"https:\/\/obsthof-moser.com\/","logo":{"@type":"ImageObject","inLanguage":"it-IT","@id":"https:\/\/obsthof-moser.com\/#\/schema\/logo\/image\/","url":"https:\/\/obsthof-moser.com\/wp-content\/uploads\/2022\/01\/cropped-logo-1.png","contentUrl":"https:\/\/obsthof-moser.com\/wp-content\/uploads\/2022\/01\/cropped-logo-1.png","width":266,"height":95,"caption":"Obsthof Moser"},"image":{"@id":"https:\/\/obsthof-moser.com\/#\/schema\/logo\/image\/"}}]}},"_links":{"self":[{"href":"https:\/\/obsthof-moser.com\/it\/wp-json\/wp\/v2\/pages\/14087","targetHints":{"allow":["GET"]}}],"collection":[{"href":"https:\/\/obsthof-moser.com\/it\/wp-json\/wp\/v2\/pages"}],"about":[{"href":"https:\/\/obsthof-moser.com\/it\/wp-json\/wp\/v2\/types\/page"}],"author":[{"embeddable":true,"href":"https:\/\/obsthof-moser.com\/it\/wp-json\/wp\/v2\/users\/2"}],"replies":[{"embeddable":true,"href":"https:\/\/obsthof-moser.com\/it\/wp-json\/wp\/v2\/comments?post=14087"}],"version-history":[{"count":14,"href":"https:\/\/obsthof-moser.com\/it\/wp-json\/wp\/v2\/pages\/14087\/revisions"}],"predecessor-version":[{"id":15932,"href":"https:\/\/obsthof-moser.com\/it\/wp-json\/wp\/v2\/pages\/14087\/revisions\/15932"}],"wp:attachment":[{"href":"https:\/\/obsthof-moser.com\/it\/wp-json\/wp\/v2\/media?parent=14087"}],"curies":[{"name":"wp","href":"https:\/\/api.w.org\/{rel}","templated":true}]}}